{"id":3441,"date":"2011-03-10T22:30:19","date_gmt":"2011-03-10T21:30:19","guid":{"rendered":"https:\/\/www.maison-milliere.fr\/accueil\/"},"modified":"2026-03-25T22:07:23","modified_gmt":"2026-03-25T21:07:23","slug":"home","status":"publish","type":"page","link":"https:\/\/www.maison-milliere.fr\/en\/","title":{"rendered":"Home"},"content":{"rendered":"<h1 style=\"text-align: center;\">Maison Milli\u00e8re (XV<sup>e<\/sup> century)<br \/>\n***<span style=\"font-weight: 400;\">Listed historic monument<\/span>***<\/h1>\n<p style=\"text-align: center;\"><span style=\"font-weight: 400;\">Nestled at the foot of Notre Dame church and next door to the H\u00f4tel de Vogu\u00e9,<br \/>\n<\/span><span style=\"font-weight: 400;\">Maison Milli\u00e8re is located in the heart of historic Dijon<br \/>\n<\/span><span style=\"font-weight: 400;\">a stone&#8217;s throw from the Palace of the Dukes of Burgundy, the Mus\u00e9e des Beaux Arts<br \/>\n<\/span><span style=\"font-weight: 400;\">and the lucky owl that gives the street its name.<\/span><\/p>\n<p><img loading=\"lazy\" decoding=\"async\" class=\"alignnone wp-image-138 size-full aligncenter\" src=\"https:\/\/www.maison-milliere.fr\/wp-content\/uploads\/2011\/04\/salon_the.jpg\" alt=\"\" width=\"400\" height=\"267\" srcset=\"https:\/\/www.maison-milliere.fr\/wp-content\/uploads\/2011\/04\/salon_the.jpg 400w, https:\/\/www.maison-milliere.fr\/wp-content\/uploads\/2011\/04\/salon_the-300x200.jpg 300w\" sizes=\"auto, (max-width: 400px) 100vw, 400px\" \/><\/p>\n<p style=\"text-align: center;\"><span style=\"font-weight: 400;\">Charm, Magic, Flavors, History and Conviviality!<\/span><\/p>\n<p style=\"text-align: center;\"><span style=\"font-weight: 400;\">Five centuries old, the Maison Milli\u00e8re is a perfect example of a medieval house, with its basket-handle arches, St-Andr\u00e9 cross half-timbering and sculpted ornamentation. For a wine tasting with friends, a gourmet snack, a glass of fine Burgundy or a cup of tea from the ends of the earth, in a setting combining local produce, arts and crafts, jewelry and gifts, you&#8217;ll discover a magical place, full of humor and warmth that&#8217;s sure to delight.<\/span><\/p>\n<p><a href=\"http:\/\/www.maison-milliere.fr\/wp-content\/uploads\/2011\/03\/ios_emoji_emoticone_etincelles.png\"><img loading=\"lazy\" decoding=\"async\" class=\"wp-image-1373 aligncenter\" src=\"http:\/\/www.maison-milliere.fr\/wp-content\/uploads\/2011\/03\/ios_emoji_emoticone_etincelles.png\" alt=\"\" width=\"53\" height=\"55\"><\/a><\/p>\n<h1 style=\"text-align: center;\"><strong>SCHEDULE<\/strong><\/h1>\n<p style=\"text-align: center;\"><strong>Tearoom and boutique<\/strong><\/p>\n<p style=\"text-align: center;\"><span style=\"font-weight: 400;\">Monday: closed<br \/>\n<\/span>Tuesday: 2pm to 7pm<br \/>\nWednesday to Friday: 10am to 12pm and 2pm to 7pm<br \/>\nSaturday and Sunday: 10am to 7pm<\/p>\n<p style=\"text-align: center;\"><strong>Wine tourism every evening <span style=\"color: #333333;\"><a style=\"color: #333333;\" href=\"https:\/\/www.maison-milliere.fr\/en\/oenotourisme-degustations-immersives\/\">on reservation<\/a><\/span><\/strong><\/p>\n<p style=\"text-align: center;\"><strong>Brasserie restaurant<\/strong><\/p>\n<p style=\"text-align: center;\"><span style=\"font-weight: 400;\">Weekends only<\/span><\/p>\n<p style=\"text-align: center;\"><span style=\"font-weight: 400;\">Plates of savory tarts, quiches, crudit\u00e9s,<br \/>\n<\/span><span style=\"font-weight: 400;\">Plates of 3 Burgundy cheeses, desserts.<\/span><\/p>\n<p style=\"text-align: center;\"><span style=\"font-weight: 400;\">The garden is open in fine weather.<\/span><\/p>\n<h2 style=\"text-align: center;\"><img loading=\"lazy\" decoding=\"async\" class=\"alignnone\" src=\"https:\/\/www.maison-milliere.fr\/wp-content\/uploads\/2011\/04\/jardin_maisonmilliere_1.jpg\" alt=\"\" width=\"300\" height=\"225\"><\/h2>\n<h2 style=\"text-align: center;\"><a href=\"http:\/\/www.maison-milliere.fr\/wp-content\/uploads\/2011\/03\/ios_emoji_emoticone_etincelles.png\"><img loading=\"lazy\" decoding=\"async\" class=\"wp-image-1373 aligncenter\" src=\"http:\/\/www.maison-milliere.fr\/wp-content\/uploads\/2011\/03\/ios_emoji_emoticone_etincelles.png\" alt=\"\" width=\"53\" height=\"55\"><\/a><\/h2>\n<p style=\"text-align: center;\"><span style=\"font-weight: 400;\"><strong>Private room hire on request<\/strong><br \/>\n<\/span><span style=\"font-weight: 400;\">(wifi &#8211; paperboard &#8211; large projection screen)<\/span><\/p>\n<p style=\"text-align: center;\"><span style=\"font-weight: 400;\">10 rue de la chouette 21000 DIJON<br \/>\n<\/span><span style=\"font-weight: 400;\">Tel. 03 80 30 99 99<br \/>\n<\/span><\/p>\n<p style=\"text-align: center;\"><span style=\"color: #000000;\">Email: <a style=\"color: #000000;\" href=\"mailto:maison-milliere@wanadoo.fr\">maison-milliere@wanadoo.fr<\/a><\/span><\/p>\n<p style=\"text-align: center;\"><span style=\"color: #000000;\">For all matters related to wine tourism<\/span><br \/>\n<span style=\"color: #000000;\">Email: <a style=\"color: #000000;\" href=\"mailto:lamaisonmilliere@gmail.com\">lamaisonmilliere@gmail.com<\/a><\/span><\/p>\n<p style=\"text-align: center;\"><span style=\"font-weight: 400;\">La Maison Milli\u00e8re can accommodate 60 people upstairs, 30 people on the first floor and, in fine weather, 30 people in the interior garden known as \u201cLe Merle chez qui j&#8217;habite\u201d. The 360\u00b0 trompe l&#8217;oeil wall painting by Pierre Jean Coulon is a pure marvel.<\/span><a href=\"http:\/\/www.maison-milliere.fr\/wp-content\/uploads\/2011\/03\/ios_emoji_emoticone_etincelles.png\"><br \/>\n<\/a><\/p>\n<p style=\"text-align: center;\"><span style=\"color: #000000;\"><a style=\"color: #000000;\" href=\"https:\/\/www.facebook.com\/maisonmilliere\" target=\"_blank\" rel=\"noopener\">Facebook<\/a><\/span><br \/>\n<span style=\"color: #000000;\"><a style=\"color: #000000;\" href=\"https:\/\/www.instagram.com\/maisonmilliereofficiel\/\" target=\"_blank\" rel=\"noopener\">Instagram<\/a><\/span><\/p>\n<p style=\"text-align: center;\"><strong>Virtual tour 360\u00b0<\/strong><\/p>\n<p style=\"text-align: center;\"><iframe loading=\"lazy\" style=\"border: 0px currentColor;\" src=\"https:\/\/www.google.com\/maps\/embed?pb=!4v1560885328198!6m8!1m7!1sCAoSLEFGMVFpcE9JSF9VazZpQ1ZNS3Y5dzFrSXpoR1J3aWlJYllwS2dMSW5JV3o1!2m2!1d47.32274740146628!2d5.041957162320613!3f120.16620719347915!4f-7.618273783589359!5f0.4000000000000002\" width=\"600\" height=\"450\" frameborder=\"0\" allowfullscreen=\"allowfullscreen\"><\/iframe><\/p>\n<p><img loading=\"lazy\" decoding=\"async\" class=\"wp-image-1373 aligncenter\" src=\"http:\/\/www.maison-milliere.fr\/wp-content\/uploads\/2011\/03\/ios_emoji_emoticone_etincelles.png\" alt=\"\" width=\"53\" height=\"55\"><\/p>\n<p style=\"text-align: center;\"><span style=\"font-weight: 400;\">A scene from Jean Paul Rappeneau&#8217;s film <\/span><span style=\"font-weight: 400;\">Cyrano de Bergerac<\/span><span style=\"font-weight: 400;\"> was shot here.<\/span>.<\/p>\n<p style=\"text-align: center;\"><img loading=\"lazy\" decoding=\"async\" class=\"aligncenter wp-image-2266\" src=\"http:\/\/www.maison-milliere.fr\/wp-content\/uploads\/2019\/08\/Cyrano-sur-le-banc_NB_C.jpg\" alt=\"\" width=\"235\" height=\"362\" srcset=\"https:\/\/www.maison-milliere.fr\/wp-content\/uploads\/2019\/08\/Cyrano-sur-le-banc_NB_C.jpg 1386w, https:\/\/www.maison-milliere.fr\/wp-content\/uploads\/2019\/08\/Cyrano-sur-le-banc_NB_C-195x300.jpg 195w, https:\/\/www.maison-milliere.fr\/wp-content\/uploads\/2019\/08\/Cyrano-sur-le-banc_NB_C-768x1182.jpg 768w, https:\/\/www.maison-milliere.fr\/wp-content\/uploads\/2019\/08\/Cyrano-sur-le-banc_NB_C-665x1024.jpg 665w\" sizes=\"auto, (max-width: 235px) 100vw, 235px\" \/><\/p>\n<hr class=\"accueil-bas\">\n","protected":false},"excerpt":{"rendered":"<p>Maison Milli\u00e8re (XVe century) ***Listed historic monument*** Nestled at the foot of Notre Dame church and next door to the H\u00f4tel de Vogu\u00e9, Maison Milli\u00e8re is located in the heart of historic Dijon a stone&#8217;s throw from the Palace of &hellip; <a href=\"https:\/\/www.maison-milliere.fr\/en\/\">Continue reading <span class=\"meta-nav\">&rarr;<\/span><\/a><\/p>\n","protected":false},"author":2,"featured_media":0,"parent":0,"menu_order":26,"comment_status":"closed","ping_status":"closed","template":"page-accueil.php","meta":{"_acf_changed":false,"ngg_post_thumbnail":0,"footnotes":""},"class_list":["post-3441","page","type-page","status-publish","hentry"],"acf":[],"_links":{"self":[{"href":"https:\/\/www.maison-milliere.fr\/en\/wp-json\/wp\/v2\/pages\/3441","targetHints":{"allow":["GET"]}}],"collection":[{"href":"https:\/\/www.maison-milliere.fr\/en\/wp-json\/wp\/v2\/pages"}],"about":[{"href":"https:\/\/www.maison-milliere.fr\/en\/wp-json\/wp\/v2\/types\/page"}],"author":[{"embeddable":true,"href":"https:\/\/www.maison-milliere.fr\/en\/wp-json\/wp\/v2\/users\/2"}],"replies":[{"embeddable":true,"href":"https:\/\/www.maison-milliere.fr\/en\/wp-json\/wp\/v2\/comments?post=3441"}],"version-history":[{"count":5,"href":"https:\/\/www.maison-milliere.fr\/en\/wp-json\/wp\/v2\/pages\/3441\/revisions"}],"predecessor-version":[{"id":3466,"href":"https:\/\/www.maison-milliere.fr\/en\/wp-json\/wp\/v2\/pages\/3441\/revisions\/3466"}],"wp:attachment":[{"href":"https:\/\/www.maison-milliere.fr\/en\/wp-json\/wp\/v2\/media?parent=3441"}],"curies":[{"name":"wp","href":"https:\/\/api.w.org\/{rel}","templated":true}]}}